{"id":33,"date":"2022-03-05T16:42:43","date_gmt":"2022-03-05T16:42:43","guid":{"rendered":"https:\/\/newpage2.shuttler.ch\/?page_id=33"},"modified":"2024-03-27T22:44:44","modified_gmt":"2024-03-27T21:44:44","slug":"about-shuttler","status":"publish","type":"page","link":"https:\/\/shuttler.ch\/de\/about-shuttler\/","title":{"rendered":"\u00dcber Shuttler"},"content":{"rendered":"<div data-elementor-type=\"wp-page\" data-elementor-id=\"33\" class=\"elementor elementor-33\">\n\t\t\t\t\t\t<section class=\"elementor-section elementor-top-section elementor-element elementor-element-b8bc067 elementor-section-height-min-height elementor-section-boxed elementor-section-height-default elementor-section-items-middle\" data-id=\"b8bc067\" data-element_type=\"section\" data-settings=\"{&quot;background_background&quot;:&quot;classic&quot;}\">\n\t\t\t\t\t\t<div class=\"elementor-container elementor-column-gap-default\">\n\t\t\t\t\t<div class=\"elementor-column elementor-col-100 elementor-top-column elementor-element elementor-element-9a27ef3\" data-id=\"9a27ef3\" data-element_type=\"column\">\n\t\t\t<div class=\"elementor-widget-wrap elementor-element-populated\">\n\t\t\t\t\t\t<div class=\"elementor-element elementor-element-02c6784 elementor-widget elementor-widget-heading\" data-id=\"02c6784\" data-element_type=\"widget\" data-widget_type=\"heading.default\">\n\t\t\t\t<div class=\"elementor-widget-container\">\n\t\t\t<style>\/*! elementor - v3.20.0 - 26-03-2024 *\/\n.elementor-heading-title{padding:0;margin:0;line-height:1}.elementor-widget-heading .elementor-heading-title[class*=elementor-size-]>a{color:inherit;font-size:inherit;line-height:inherit}.elementor-widget-heading .elementor-heading-title.elementor-size-small{font-size:15px}.elementor-widget-heading .elementor-heading-title.elementor-size-medium{font-size:19px}.elementor-widget-heading .elementor-heading-title.elementor-size-large{font-size:29px}.elementor-widget-heading .elementor-heading-title.elementor-size-xl{font-size:39px}.elementor-widget-heading .elementor-heading-title.elementor-size-xxl{font-size:59px}<\/style><h2 class=\"elementor-heading-title elementor-size-default\">\u00dcber Shuttler<\/h2>\t\t<\/div>\n\t\t\t\t<\/div>\n\t\t\t\t\t<\/div>\n\t\t<\/div>\n\t\t\t\t\t<\/div>\n\t\t<\/section>\n\t\t\t\t<section class=\"elementor-section elementor-top-section elementor-element elementor-element-e33661c elementor-section-boxed elementor-section-height-default elementor-section-height-default\" data-id=\"e33661c\" data-element_type=\"section\" data-settings=\"{&quot;background_background&quot;:&quot;classic&quot;}\">\n\t\t\t\t\t\t<div class=\"elementor-container elementor-column-gap-default\">\n\t\t\t\t\t<div class=\"elementor-column elementor-col-100 elementor-top-column elementor-element elementor-element-286b58c\" data-id=\"286b58c\" data-element_type=\"column\">\n\t\t\t<div class=\"elementor-widget-wrap elementor-element-populated\">\n\t\t\t\t\t\t<section class=\"elementor-section elementor-inner-section elementor-element elementor-element-f9504e6 elementor-section-boxed elementor-section-height-default elementor-section-height-default\" data-id=\"f9504e6\" data-element_type=\"section\" data-settings=\"{&quot;background_background&quot;:&quot;classic&quot;}\">\n\t\t\t\t\t\t<div class=\"elementor-container elementor-column-gap-default\">\n\t\t\t\t\t<div class=\"elementor-column elementor-col-50 elementor-inner-column elementor-element elementor-element-daf42e1\" data-id=\"daf42e1\" data-element_type=\"column\">\n\t\t\t<div class=\"elementor-widget-wrap elementor-element-populated\">\n\t\t\t\t\t\t<div class=\"elementor-element elementor-element-683c251 elementor-widget elementor-widget-heading\" data-id=\"683c251\" data-element_type=\"widget\" data-widget_type=\"heading.default\">\n\t\t\t\t<div class=\"elementor-widget-container\">\n\t\t\t<h2 class=\"elementor-heading-title elementor-size-default\">Neue Reisem\u00f6glichkeiten<\/h2>\t\t<\/div>\n\t\t\t\t<\/div>\n\t\t\t\t<div class=\"elementor-element elementor-element-7026ba2 elementor-widget elementor-widget-text-editor\" data-id=\"7026ba2\" data-element_type=\"widget\" data-widget_type=\"text-editor.default\">\n\t\t\t\t<div class=\"elementor-widget-container\">\n\t\t\t<style>\/*! elementor - v3.20.0 - 26-03-2024 *\/\n.elementor-widget-text-editor.elementor-drop-cap-view-stacked .elementor-drop-cap{background-color:#69727d;color:#fff}.elementor-widget-text-editor.elementor-drop-cap-view-framed .elementor-drop-cap{color:#69727d;border:3px solid;background-color:transparent}.elementor-widget-text-editor:not(.elementor-drop-cap-view-default) .elementor-drop-cap{margin-top:8px}.elementor-widget-text-editor:not(.elementor-drop-cap-view-default) .elementor-drop-cap-letter{width:1em;height:1em}.elementor-widget-text-editor .elementor-drop-cap{float:left;text-align:center;line-height:1;font-size:50px}.elementor-widget-text-editor .elementor-drop-cap-letter{display:inline-block}<\/style>\t\t\t\t<p>Shuttler bietet eine bequeme Direktverbindung zwischen dem Flughafen Z\u00fcrich und Interlaken und ist somit ideal f\u00fcr Tagesausfl\u00fcge oder Hoteltransfers.<\/p>\n<p>Dar\u00fcber hinaus f\u00fchrt Shuttler zus\u00e4tzliche Direktverbindungen zu Haltestellen entlang der Strecke zwischen Flughafen Z\u00fcrich und Interlaken ein. Durch die Ausweitung der Angebote zu diesen Zwischendestinationen st\u00e4rken wir das hervorragende Schweizer Verkehrssystem und k\u00f6nnen Reisende dazu ermutigen, sich f\u00fcr klimafreundliche Verkehrsmittel anstelle des eigenen Autos zu entscheiden.<\/p>\t\t\t\t\t\t<\/div>\n\t\t\t\t<\/div>\n\t\t\t\t<div class=\"elementor-element elementor-element-2996a3f elementor-widget elementor-widget-heading\" data-id=\"2996a3f\" data-element_type=\"widget\" data-widget_type=\"heading.default\">\n\t\t\t\t<div class=\"elementor-widget-container\">\n\t\t\t<h2 class=\"elementor-heading-title elementor-size-default\">In die Zukunft der Mobilit\u00e4t<\/h2>\t\t<\/div>\n\t\t\t\t<\/div>\n\t\t\t\t<div class=\"elementor-element elementor-element-f33753f elementor-widget elementor-widget-text-editor\" data-id=\"f33753f\" data-element_type=\"widget\" data-widget_type=\"text-editor.default\">\n\t\t\t\t<div class=\"elementor-widget-container\">\n\t\t\t\t\t\t\t<p>Shuttler erwartet in den kommenden Jahren erhebliche Ver\u00e4nderungen in der Mobilit\u00e4t. Wir stellen uns eine Zukunft vor, in der Mobilit\u00e4t geteilt, nachhaltig, vernetzt und flexibel ist.<\/p><p>Das Aufkommen der Digitalisierung bietet neue M\u00f6glichkeiten, kleinere Nachfragesegmente effektiv zu bedienen. Eine h\u00f6here Effizienz im Transportwesen ist im Kampf gegen den Klimawandel von entscheidender Bedeutung.<\/p><p>F\u00fcr weitere Einblicke in die technischen Prinzipien, die Shuttler zugrunde liegen, k\u00f6nnen Sie sich gerne an uns wenden.<\/p>\t\t\t\t\t\t<\/div>\n\t\t\t\t<\/div>\n\t\t\t\t\t<\/div>\n\t\t<\/div>\n\t\t\t\t<div class=\"elementor-column elementor-col-50 elementor-inner-column elementor-element elementor-element-bb7fc82\" data-id=\"bb7fc82\" data-element_type=\"column\">\n\t\t\t<div class=\"elementor-widget-wrap elementor-element-populated\">\n\t\t\t\t\t\t<div class=\"elementor-element elementor-element-b9fc615 elementor-widget elementor-widget-image\" data-id=\"b9fc615\" data-element_type=\"widget\" data-widget_type=\"image.default\">\n\t\t\t\t<div class=\"elementor-widget-container\">\n\t\t\t<style>\/*! elementor - v3.20.0 - 26-03-2024 *\/\n.elementor-widget-image{text-align:center}.elementor-widget-image a{display:inline-block}.elementor-widget-image a img[src$=\".svg\"]{width:48px}.elementor-widget-image img{vertical-align:middle;display:inline-block}<\/style>\t\t\t\t\t\t\t\t\t\t<img fetchpriority=\"high\" decoding=\"async\" width=\"2048\" height=\"1365\" src=\"https:\/\/shuttler.ch\/wp-content\/uploads\/2022\/08\/IMG_8477-2048x1365.jpg\" class=\"attachment-2048x2048 size-2048x2048 wp-image-1066\" alt=\"\" srcset=\"https:\/\/shuttler.ch\/wp-content\/uploads\/2022\/08\/IMG_8477-2048x1365.jpg 2048w, https:\/\/shuttler.ch\/wp-content\/uploads\/2022\/08\/IMG_8477-300x200.jpg 300w, https:\/\/shuttler.ch\/wp-content\/uploads\/2022\/08\/IMG_8477-1024x683.jpg 1024w, https:\/\/shuttler.ch\/wp-content\/uploads\/2022\/08\/IMG_8477-768x512.jpg 768w, https:\/\/shuttler.ch\/wp-content\/uploads\/2022\/08\/IMG_8477-1536x1024.jpg 1536w, https:\/\/shuttler.ch\/wp-content\/uploads\/2022\/08\/IMG_8477-18x12.jpg 18w\" sizes=\"(max-width: 2048px) 100vw, 2048px\" \/>\t\t\t\t\t\t\t\t\t\t\t\t\t<\/div>\n\t\t\t\t<\/div>\n\t\t\t\t\t<\/div>\n\t\t<\/div>\n\t\t\t\t\t<\/div>\n\t\t<\/section>\n\t\t\t\t\t<\/div>\n\t\t<\/div>\n\t\t\t\t\t<\/div>\n\t\t<\/section>\n\t\t\t\t<\/div>","protected":false},"excerpt":{"rendered":"<p>\u00dcber Shuttler Neue Reisem\u00f6glichkeiten Shuttler bietet eine bequeme Direktverbindung zwischen dem Flughafen Z\u00fcrich und Interlaken und ist somit ideal f\u00fcr Tagesausfl\u00fcge oder Hoteltransfers. Dar\u00fcber hinaus f\u00fchrt Shuttler zus\u00e4tzliche Direktverbindungen zu Haltestellen entlang der Strecke zwischen dem Flughafen Z\u00fcrich und Interlaken ein. Mit der Ausweitung der Dienstleistungen zu diesen Zwischenzielen verbessern wir das hervorragende Schweizer Transitnetz [\u2026]<\/p>","protected":false},"author":1,"featured_media":0,"parent":0,"menu_order":0,"comment_status":"closed","ping_status":"closed","template":"elementor_header_footer","meta":{"_mi_skip_tracking":false,"_monsterinsights_sitenote_active":false,"_monsterinsights_sitenote_note":"","_monsterinsights_sitenote_category":0,"footnotes":""},"class_list":["post-33","page","type-page","status-publish","hentry"],"_links":{"self":[{"href":"https:\/\/shuttler.ch\/de\/wp-json\/wp\/v2\/pages\/33","targetHints":{"allow":["GET"]}}],"collection":[{"href":"https:\/\/shuttler.ch\/de\/wp-json\/wp\/v2\/pages"}],"about":[{"href":"https:\/\/shuttler.ch\/de\/wp-json\/wp\/v2\/types\/page"}],"author":[{"embeddable":true,"href":"https:\/\/shuttler.ch\/de\/wp-json\/wp\/v2\/users\/1"}],"replies":[{"embeddable":true,"href":"https:\/\/shuttler.ch\/de\/wp-json\/wp\/v2\/comments?post=33"}],"version-history":[{"count":44,"href":"https:\/\/shuttler.ch\/de\/wp-json\/wp\/v2\/pages\/33\/revisions"}],"predecessor-version":[{"id":3322,"href":"https:\/\/shuttler.ch\/de\/wp-json\/wp\/v2\/pages\/33\/revisions\/3322"}],"wp:attachment":[{"href":"https:\/\/shuttler.ch\/de\/wp-json\/wp\/v2\/media?parent=33"}],"curies":[{"name":"wp","href":"https:\/\/api.w.org\/{rel}","templated":true}]}}