{"id":2646,"date":"2023-08-15T17:23:33","date_gmt":"2023-08-15T15:23:33","guid":{"rendered":"https:\/\/shuttler.ch\/?page_id=2646"},"modified":"2024-02-20T10:44:28","modified_gmt":"2024-02-20T09:44:28","slug":"privacy","status":"publish","type":"page","link":"https:\/\/shuttler.ch\/de\/privacy\/","title":{"rendered":"Privatsph\u00e4re"},"content":{"rendered":"<div data-elementor-type=\"wp-page\" data-elementor-id=\"2646\" class=\"elementor elementor-2646\">\n\t\t\t\t\t\t<section class=\"elementor-section elementor-top-section elementor-element elementor-element-e41af6e elementor-section-height-min-height elementor-section-boxed elementor-section-height-default elementor-section-items-middle\" data-id=\"e41af6e\" data-element_type=\"section\" data-settings=\"{&quot;background_background&quot;:&quot;classic&quot;}\">\n\t\t\t\t\t\t<div class=\"elementor-container elementor-column-gap-default\">\n\t\t\t\t\t<div class=\"elementor-column elementor-col-100 elementor-top-column elementor-element elementor-element-5b5f58a\" data-id=\"5b5f58a\" data-element_type=\"column\">\n\t\t\t<div class=\"elementor-widget-wrap elementor-element-populated\">\n\t\t\t\t\t\t<div class=\"elementor-element elementor-element-bcc2e7a elementor-widget elementor-widget-heading\" data-id=\"bcc2e7a\" data-element_type=\"widget\" data-widget_type=\"heading.default\">\n\t\t\t\t<div class=\"elementor-widget-container\">\n\t\t\t<style>\/*! elementor - v3.20.0 - 26-03-2024 *\/\n.elementor-heading-title{padding:0;margin:0;line-height:1}.elementor-widget-heading .elementor-heading-title[class*=elementor-size-]>a{color:inherit;font-size:inherit;line-height:inherit}.elementor-widget-heading .elementor-heading-title.elementor-size-small{font-size:15px}.elementor-widget-heading .elementor-heading-title.elementor-size-medium{font-size:19px}.elementor-widget-heading .elementor-heading-title.elementor-size-large{font-size:29px}.elementor-widget-heading .elementor-heading-title.elementor-size-xl{font-size:39px}.elementor-widget-heading .elementor-heading-title.elementor-size-xxl{font-size:59px}<\/style><h2 class=\"elementor-heading-title elementor-size-default\">Datenschutzrichtlinie<\/h2>\t\t<\/div>\n\t\t\t\t<\/div>\n\t\t\t\t\t<\/div>\n\t\t<\/div>\n\t\t\t\t\t<\/div>\n\t\t<\/section>\n\t\t\t\t<section class=\"elementor-section elementor-top-section elementor-element elementor-element-74b93d8 elementor-section-boxed elementor-section-height-default elementor-section-height-default\" data-id=\"74b93d8\" data-element_type=\"section\" data-settings=\"{&quot;background_background&quot;:&quot;classic&quot;}\">\n\t\t\t\t\t\t<div class=\"elementor-container elementor-column-gap-default\">\n\t\t\t\t\t<div class=\"elementor-column elementor-col-100 elementor-top-column elementor-element elementor-element-820a31d\" data-id=\"820a31d\" data-element_type=\"column\">\n\t\t\t<div class=\"elementor-widget-wrap elementor-element-populated\">\n\t\t\t\t\t\t<div class=\"elementor-element elementor-element-cde1862 elementor-widget elementor-widget-heading\" data-id=\"cde1862\" data-element_type=\"widget\" data-widget_type=\"heading.default\">\n\t\t\t\t<div class=\"elementor-widget-container\">\n\t\t\t<h2 class=\"elementor-heading-title elementor-size-default\">Datenschutzrichtlinie<\/h2>\t\t<\/div>\n\t\t\t\t<\/div>\n\t\t\t\t<div class=\"elementor-element elementor-element-f4eec3f elementor-widget elementor-widget-text-editor\" data-id=\"f4eec3f\" data-element_type=\"widget\" data-widget_type=\"text-editor.default\">\n\t\t\t\t<div class=\"elementor-widget-container\">\n\t\t\t<style>\/*! elementor - v3.20.0 - 26-03-2024 *\/\n.elementor-widget-text-editor.elementor-drop-cap-view-stacked .elementor-drop-cap{background-color:#69727d;color:#fff}.elementor-widget-text-editor.elementor-drop-cap-view-framed .elementor-drop-cap{color:#69727d;border:3px solid;background-color:transparent}.elementor-widget-text-editor:not(.elementor-drop-cap-view-default) .elementor-drop-cap{margin-top:8px}.elementor-widget-text-editor:not(.elementor-drop-cap-view-default) .elementor-drop-cap-letter{width:1em;height:1em}.elementor-widget-text-editor .elementor-drop-cap{float:left;text-align:center;line-height:1;font-size:50px}.elementor-widget-text-editor .elementor-drop-cap-letter{display:inline-block}<\/style>\t\t\t\t<p>Stand: 20. Februar 2024<\/p><p>In dieser Datenschutzerkl\u00e4rung erkl\u00e4ren wir, die Shuttler GmbH (<em>Shuttler<\/em>, <em>Wir<\/em> oder <em>uns<\/em>), wie wir personenbezogene Daten erheben und anderweitig verarbeiten. Dies ist keine abschliessende Beschreibung; andere Datenschutzerkl\u00e4rungen oder Allgemeine Gesch\u00e4ftsbedingungen, Teilnahmebedingungen und \u00e4hnliche Dokumente k\u00f6nnen bestimmte Sachverhalte regeln. Personenbezogene Daten sind alle Informationen, die sich auf eine identifizierte oder identifizierbare nat\u00fcrliche Person beziehen. <br \/>Wenn Sie uns personenbezogene Daten anderer Personen (z. B. Familienangeh\u00f6rige, Daten von Arbeitskollegen) zur Verf\u00fcgung stellen, stellen Sie bitte sicher, dass diese Personen diese Datenschutzerkl\u00e4rung kennen und geben Sie ihre personenbezogenen Daten nur dann an uns weiter, wenn Sie dazu berechtigt sind und wenn diese personenbezogenen Daten korrekt sind. <br \/>Shuttler bedient den Schweizer Markt und richtet sich an Kunden mit Transportdienstleistungen innerhalb der Schweiz. Diese Datenschutzerkl\u00e4rung dient daher in erster Linie dazu, den Anforderungen des Bundesgesetzes \u00fcber den Datenschutz (\u201eDSG\u201c) gerecht zu werden. Ob und inwieweit andere Gesetze anwendbar sind, h\u00e4ngt vom Einzelfall ab.<\/p><p><strong>Wer wir sind<\/strong><br \/>F\u00fcr die hier beschriebene Datenverarbeitung ist Shuttler verantwortlich, sofern im Einzelfall nichts anderes angegeben ist. Wenn Sie datenschutzrechtliche Anliegen haben, k\u00f6nnen Sie diese an die folgende Kontaktadresse an uns richten.<br \/>Shuttler GmbH<br \/>Hardturmstrasse 161<br \/>8005 Z\u00fcrich<br \/>E-Mail: contact@shuttler.ch<br \/>Website: www.shuttler.ch<\/p><p><strong>Welche personenbezogenen Daten wir erheben<\/strong><\/p><p>Wir verarbeiten in erster Linie diejenigen personenbezogenen Daten, die wir von unseren Kunden und anderen Gesch\u00e4ftspartnern im Rahmen unserer Gesch\u00e4ftsbeziehung mit ihnen und anderen daran beteiligten Personen erhalten oder die wir im Rahmen des Betriebs unserer Websites und sonstigen Anwendungen von deren Nutzern erheben. <br \/>Soweit zul\u00e4ssig entnehmen wir bestimmte Daten auch \u00f6ffentlich zug\u00e4nglichen Quellen (z. B. Presse, Internet) oder erhalten solche Daten von Beh\u00f6rden und sonstigen Dritten. Dar\u00fcber hinaus erfassen wir m\u00f6glicherweise Ihre soziodemografischen Daten (f\u00fcr Marketingzwecke) und Daten im Zusammenhang mit der Nutzung der Website (z. B. IP-Adresse, MAC-Adresse des Smartphones oder Computers, Angaben zu Ihrem Ger\u00e4t und Ihren Einstellungen, Cookies, Datum und Uhrzeit des Besuchs, aufgerufene Seiten und Inhalte, genutzte Funktionen, verweisende Website, Standortinformationen).<\/p><p><strong>Wof\u00fcr wir Daten verwenden<\/strong><\/p><p>Die von uns erhobenen personenbezogenen Daten nutzen wir in erster Linie zum Abschluss und zur Abwicklung unserer Vertr\u00e4ge mit unseren Kunden und Gesch\u00e4ftspartnern.<br \/>Dar\u00fcber hinaus verarbeiten wir personenbezogene Daten von Ihnen und anderen Personen, soweit zul\u00e4ssig und angemessen, auch zu folgenden Zwecken, an denen wir (und teilweise auch Dritte) ein dem Zweck entsprechendes berechtigtes Interesse haben:<\/p><ol><li>Anbieten und Weiterentwicklung unserer Angebote, Dienste und Websites, Apps und anderer Plattformen, auf denen wir pr\u00e4sent sind;<\/li><li>Kommunikation mit Dritten und Bearbeitung ihrer Anfragen (z. B. Bewerbungen, Medienanfragen);<\/li><li>Testen und Optimieren von Verfahren zur Bedarfsanalyse zum Zwecke der direkten Kundenansprache sowie Erhebung personenbezogener Daten aus \u00f6ffentlich zug\u00e4nglichen Quellen zum Zwecke der Kundenakquise;<\/li><li>Werbung und Marketing (einschlie\u00dflich Organisation von Veranstaltungen), sofern Sie der Nutzung Ihrer Daten nicht widersprochen haben (sollten wir Ihnen als Bestandskunde Werbung von uns zusenden, k\u00f6nnen Sie dem jederzeit widersprechen; wir werden Sie dann weiterleiten). eine Sperrliste f\u00fcr weitere Werbezusendungen);<\/li><li>Markt- und Meinungsforschung, Medienbeobachtung;<\/li><li>Geltendmachung rechtlicher Anspr\u00fcche und Verteidigung im Zusammenhang mit rechtlichen Auseinandersetzungen und beh\u00f6rdlichen Verfahren;<\/li><li>Pr\u00e4vention und Aufkl\u00e4rung von Straftaten und anderem Fehlverhalten (z. B. Durchf\u00fchrung interner Untersuchungen, Datenanalyse zur Betrugsbek\u00e4mpfung);<\/li><li>Gew\u00e4hrleistungen unseres Betriebs, insbesondere der IT, unserer Websites, Apps und anderen Plattformen;<\/li><li>Kauf und Verkauf von Unternehmen, Unternehmen oder Unternehmensteilen und andere Unternehmenstransaktionen und damit verbundene \u00dcbermittlungen personenbezogener Daten sowie betriebswirtschaftliche Ma\u00dfnahmen und soweit dies zur Einhaltung gesetzlicher und beh\u00f6rdlicher Verpflichtungen sowie der internen Regeln von Shuttler erforderlich ist. <br \/>Soweit Sie uns eine Einwilligung zur Verarbeitung Ihrer personenbezogenen Daten f\u00fcr bestimmte Zwecke erteilt haben (z. B. bei der Anmeldung zum Erhalt von Newslettern), verarbeiten wir Ihre personenbezogenen Daten im Rahmen und auf Grundlage dieser Einwilligung, sofern uns keine anderweitige Rechtsgrundlage vorliegt und wir brauchen eine solche Grundlage. Eine erteilte Einwilligung kann jederzeit widerrufen werden, dies hat jedoch keine Auswirkungen auf die bereits erfolgte Datenverarbeitung.<\/li><\/ol><p><strong>An wen wir Daten weitergeben<\/strong><\/p><p>Unter Umst\u00e4nden geben wir personenbezogene Daten von Ihnen weiter bzw. werden personenbezogene Daten an uns weitergegeben, soweit dies zul\u00e4ssig ist.<br \/>Hierzu bedienen wir uns unter anderem folgender in- und ausl\u00e4ndischer Dienstleister:<br \/>\u2013 Tr\u00e4ger<br \/>\u2013 (IT-)Dienstleister<br \/>\u2013 Kreditinstitute und Zahlungsdienstleister<br \/>\u2013 Vertriebspartner<br \/>\u2013 Weitere Partner, die wir f\u00fcr unsere Gesch\u00e4ftst\u00e4tigkeit nutzen <br \/>Wir geben personenbezogene Daten gegen\u00fcber \u00f6ffentlichen Stellen und Institutionen (z. B. Polizei, Staatsanwaltschaft, Aufsichtsbeh\u00f6rden) weiter, sofern hierf\u00fcr eine entsprechende Verpflichtung\/Befugnis besteht.<\/p><p>Sitzt ein Empf\u00e4nger in einem Land ohne angemessenen gesetzlichen Datenschutz gem\u00e4\u00df Art. Gem\u00e4\u00df Art. 6 DSG verpflichten wir den Empf\u00e4nger vertraglich zur Einhaltung der geltenden Datenschutzbestimmungen, sofern dieser nicht bereits einem gesetzlich anerkannten Regelwerk zur Gew\u00e4hrleistung des Datenschutzes unterliegt. Eine Ausnahme kann insbesondere bei Gerichtsverfahren im Ausland gelten, aber auch in F\u00e4llen \u00fcberwiegender \u00f6ffentlicher Interessen oder wenn die Vertragserf\u00fcllung eine solche Offenlegung erfordert, Sie eingewilligt haben oder es sich um Daten handelt, \u00fcber die Sie verf\u00fcgen allgemein zug\u00e4nglich gemacht werden und Sie der Verarbeitung dieser Daten nicht widersprochen haben.<\/p><p>Im Rahmen eines regul\u00e4ren Buchungsvorgangs \u00fcber die Website werden Daten an folgende Stellen weitergegeben bzw. von Dritten erhoben:<\/p><p>-Um Tickets \u00fcber die Ticpoi-Anwendung zu buchen, verarbeiten wir Daten an Pacifica Technologies in British Columbia, Kanada.<\/p><p>-F\u00fcr die Zahlung erfassen wir m\u00f6glicherweise Daten, die f\u00fcr die Abwicklung Ihrer Zahlung erforderlich sind, wenn Sie Eink\u00e4ufe t\u00e4tigen, wie z. B. Ihre Zahlungsinstrumentennummer und den mit Ihrem Zahlungsinstrument verkn\u00fcpften Sicherheitscode. Alle Zahlungsdaten werden nur von Stripe gespeichert. Die Datenschutzeinstellungen von Stripe finden Sie unter stripe.com\/privacy.<\/p><p>-Wir verarbeiten Daten zu Ihrer gebuchten Reise an die inl\u00e4ndischen Transportunternehmen, bei denen Sie Ihre Reise gebucht haben. Alle Tr\u00e4ger haben ihren Sitz in der Schweiz und sind zur Einhaltung des Schweizer Datenschutzrechts verpflichtet. Die Einzelheiten inklusive Kontaktdaten der Transportunternehmen finden Sie in den Allgemeinen Gesch\u00e4ftsbedingungen (www.shuttler.ch\/agb).<\/p><p>-Wir nutzen Zapier zur Workflow-Automatisierung, was die Daten\u00fcbertragung zwischen unserer Buchungssoftware und den Partner-Kommunikationstools erm\u00f6glicht und so ein reibungsloses Buchungserlebnis gew\u00e4hrleistet. Durch die Nutzung von Zapier k\u00f6nnen Ihre gespeicherten personenbezogenen Daten verarbeitet werden. Weitere Informationen zur Zapier-Datenschutzrichtlinie erhalten Sie unter https:\/\/zapier.com\/legal\/data-privacy<\/p><p><strong>Welche Cookies werden gesetzt, wenn Sie unsere Website und andere Webanwendungen nutzen?<\/strong><\/p><p>Wir verwenden auf unseren Websites in der Regel \u201eCookies\u201c und \u00e4hnliche Technologien, um Ihren Browser oder Ihr Ger\u00e4t zu identifizieren. Ein Cookie ist eine kleine Datei, die an Ihren Computer gesendet oder vom Webbrowser, den Sie verwenden, automatisch auf Ihrem Computer oder Mobilger\u00e4t gespeichert wird, wenn Sie unsere Website besuchen. Dies erm\u00f6glicht es uns, Sie wiederzuerkennen, wenn Sie auf diese Website zur\u00fcckkehren, auch wenn wir nicht wissen, wer Sie sind. Neben Cookies, die nur w\u00e4hrend einer Sitzung genutzt und nach Ende Ihres Website-Besuchs gel\u00f6scht werden (\u201eSitzungscookies\u201c), k\u00f6nnen Cookies auch dazu verwendet werden, Benutzereinstellungen und andere Informationen f\u00fcr einen bestimmten Zeitraum (z. B. zwei Jahre) zu speichern (\u201epermanent\u201c) Kekse&quot;). Sie k\u00f6nnen Ihren Browser jedoch so einstellen, dass Cookies abgelehnt, nur f\u00fcr eine Sitzung gespeichert oder anderweitig vorzeitig gel\u00f6scht werden.<\/p><p>Die meisten Browser sind so voreingestellt, dass sie Cookies akzeptieren. Wir verwenden dauerhafte Cookies, um Benutzerpr\u00e4ferenzen (z. B. Sprache, automatische Anmeldung) zu speichern, damit wir besser verstehen k\u00f6nnen, wie Sie unsere Angebote und Inhalte nutzen. Bestimmte Cookies werden von uns gesetzt, andere auch von Auftragnehmern, mit denen wir zusammenarbeiten. Wenn Sie Cookies blockieren, kann es sein, dass bestimmte Funktionalit\u00e4ten (z. B. Sprachauswahl, Warenkorb, Bestellvorg\u00e4nge) nicht mehr funktionieren. Wir empfehlen Ihnen daher, die Cookie-Funktion einzuschalten.<\/p><p>Indem Sie unsere Websites nutzen und dem Erhalt von Newslettern und anderen Marketing-E-Mails zustimmen, stimmen Sie der Verwendung dieser Techniken zu. Wenn Sie dies nicht w\u00fcnschen, m\u00fcssen Sie Ihren Browser entsprechend einstellen.<\/p><p>Auf unseren Websites nutzen wir teilweise Google Analytics oder \u00e4hnliche Dienste. Hierbei handelt es sich um einen Dienst Dritter, die sich in jedem Land der Welt befinden k\u00f6nnen und mit dem wir die Nutzung der Website (nicht personenbezogen) messen und auswerten k\u00f6nnen. Zu diesem Zweck werden auch vom Diensteanbieter gesetzte permanente Cookies verwendet. Wir haben den Dienst so konfiguriert, dass die IP-Adressen der Besucher von Google in Europa vor der Weiterleitung in die USA gek\u00fcrzt werden und somit nicht zur\u00fcckverfolgt werden k\u00f6nnen. Wir haben die Einstellungen \u201eDatenweiterleitung\u201c und \u201eSignale\u201c deaktiviert. Wir k\u00f6nnen zwar davon ausgehen, dass es sich bei den von uns an Google weitergegebenen Informationen nicht um personenbezogene Daten von Google handelt, es ist jedoch m\u00f6glich, dass Google aus diesen Daten f\u00fcr eigene Zwecke R\u00fcckschl\u00fcsse auf die Identit\u00e4t der Besucher ziehen, pers\u00f6nliche Profile erstellen und diese Daten mit den Google-Konten verkn\u00fcpfen kann dieser Personen. Sofern Sie sich selbst bei dem Diensteanbieter registriert haben, kennt dieser Sie auch. Die Verarbeitung Ihrer personenbezogenen Daten durch den Dienstleister erfolgt dann in der Verantwortung des Dienstleisters gem\u00e4\u00df dessen Datenschutzbestimmungen. Der Dienstleister teilt uns lediglich mit, wie unsere jeweilige Website genutzt wird (keine Angaben zu Ihrer Person).<\/p><p>Um unsere Inhalte browser\u00fcbergreifend korrekt und grafisch ansprechend darzustellen, nutzen wir zur Darstellung von Schriftarten \u201eGoogle Web Fonts\u201c der Firma Google LLC.<\/p><p>Auf unserer Website nutzen wir das Angebot von Google Maps. Google Maps wird von Google LLC betrieben. Dadurch k\u00f6nnen wir Ihnen interaktive Karten direkt in der Website anzeigen und erm\u00f6glichen Ihnen eine komfortable Nutzung der Karten-Funktion.<br \/>Weitere Informationen zur Datenverarbeitung durch Google finden Sie in der Datenschutzerkl\u00e4rung von Google. Dort k\u00f6nnen Sie im Datenschutzcenter auch Ihre pers\u00f6nlichen Datenschutzeinstellungen \u00e4ndern.<\/p><p>Zur Erh\u00f6hung der Sicherheit und zum Schutz vor automatisiertem Missbrauch nutzen wir auf unserer Website Google reCAPTCHA. reCAPTCHA wird verwendet, um festzustellen, ob die Interaktionen auf dieser Website von einem Menschen oder einem Bot durchgef\u00fchrt werden, und verhindert so b\u00f6swillige Aktivit\u00e4ten wie Spam und unbefugtes Sammeln von Daten. Die Nutzung von reCAPTCHA unterliegt den Datenschutzbestimmungen und Nutzungsbedingungen von Google. Durch die Interaktion mit dieser Website erkennen Sie die Bedingungen von Google an und erkl\u00e4ren sich mit deren Einhaltung einverstanden. Bitte beachten Sie, dass reCAPTCHA m\u00f6glicherweise bestimmte Browserdaten sammelt und Cookies verwendet, um seine Leistung zu verbessern. Diese Daten werden gem\u00e4\u00df den Datenschutzrichtlinien von Google verarbeitet.<\/p><p>Weitere Informationen zur Datenverarbeitung durch Google finden Sie in der Datenschutzerkl\u00e4rung von Google unter: https:\/\/www.google.com\/policies\/privacy\/<\/p><p>Auf unserer Website verwenden wir Elementor, eine Software zur Erstellung des Layouts dieser Website. Cookies werden verwendet, um die Anzahl der Seitenaufrufe und aktiven Sitzungen des Benutzers zu speichern. Die erhobenen Daten werden nicht zu Analysezwecken verwendet, sondern lediglich dazu, sicherzustellen, dass beispielsweise ausgeblendete Elemente bei mehreren aktiven Sitzungen nicht erneut angezeigt werden.<\/p><p><strong>Wie lange wir Ihre Daten speichern<\/strong><\/p><p>Wir verarbeiten und speichern Ihre personenbezogenen Daten, solange es f\u00fcr die Erf\u00fcllung unserer vertraglichen und gesetzlichen Pflichten oder sonst der mit der Verarbeitung verfolgten Zwecke erforderlich ist, also beispielsweise f\u00fcr die Dauer der gesamten Gesch\u00e4ftsbeziehung sowie dar\u00fcber hinaus in Einhaltung der gesetzlichen Aufbewahrungs- und Dokumentationspflichten. In diesem Zusammenhang ist es m\u00f6glich, dass personenbezogene Daten f\u00fcr die Zeit aufbewahrt werden, in der Anspr\u00fcche gegen unser Unternehmen geltend gemacht werden k\u00f6nnen und soweit wir hierzu anderweitig gesetzlich verpflichtet sind oder berechtigte Gesch\u00e4ftsinteressen dies erfordern (z. B. zu Beweis- und Dokumentationszwecken). . Sobald Ihre personenbezogenen Daten f\u00fcr die oben genannten Zwecke nicht mehr erforderlich sind, werden diese grunds\u00e4tzlich und soweit m\u00f6glich gel\u00f6scht oder anonymisiert.<\/p><p><strong>Welche Rechte Sie an Ihren Daten haben<\/strong><\/p><p>Sie haben im Rahmen des f\u00fcr Sie geltenden Datenschutzrechts und soweit darin vorgesehen das Recht auf Auskunft, Berichtigung, L\u00f6schung, das Recht auf Einschr\u00e4nkung der Datenverarbeitung sowie im \u00dcbrigen das Recht auf Widerspruch gegen unsere Datenverarbeitung. Bitte beachten Sie jedoch, dass wir uns die Geltendmachung gesetzlicher Beschr\u00e4nkungen vorbehalten, etwa wenn wir zur Aufbewahrung oder Verarbeitung bestimmter Daten verpflichtet sind, ein \u00fcberwiegendes Interesse daran haben (soweit wir uns hierauf berufen d\u00fcrfen). oder zur Geltendmachung von Anspr\u00fcchen ben\u00f6tigen. Sollten f\u00fcr Sie Kosten anfallen, informieren wir Sie vorab. Bitte beachten Sie, dass die Aus\u00fcbung dieser Rechte im Widerspruch zu vertraglichen Vereinbarungen stehen und Konsequenzen wie die vorzeitige Beendigung des Vertrages oder Kostenfolgen nach sich ziehen kann. Sofern dies nicht bereits vertraglich geregelt ist, informieren wir Sie vorab. <br \/>Die Aus\u00fcbung dieser Rechte erfordert in der Regel einen eindeutigen Nachweis Ihrer Identit\u00e4t (z. B. durch eine Kopie Ihres Personalausweises, sofern Ihre Identit\u00e4t ansonsten unklar ist oder nicht \u00fcberpr\u00fcft werden kann). Zur Aus\u00fcbung Ihrer Rechte k\u00f6nnen Sie sich unter der oben angegebenen Adresse an uns wenden.<\/p><p>Dar\u00fcber hinaus hat jede betroffene Person das Recht, ihre Anspr\u00fcche gerichtlich durchzusetzen oder eine Beschwerde bei der zust\u00e4ndigen Datenschutzbeh\u00f6rde einzureichen. Die zust\u00e4ndige Datenschutzbeh\u00f6rde in der Schweiz ist der Eidgen\u00f6ssische Datenschutz- und \u00d6ffentlichkeitsbeauftragte (http:\/\/www.edoeb.admin.ch).<\/p><p><strong>Welche Pflicht Sie zur Bereitstellung von Daten haben<\/strong> <br \/>Im Rahmen unserer Gesch\u00e4ftsbeziehung m\u00fcssen Sie diejenigen personenbezogenen Daten bereitstellen, die f\u00fcr die Aufnahme und Durchf\u00fchrung einer Gesch\u00e4ftsbeziehung und der Erf\u00fcllung der damit verbundenen vertraglichen Pflichten erforderlich sind (eine gesetzliche Verpflichtung zur Bereitstellung der Daten besteht grunds\u00e4tzlich nicht).<br \/>Ohne diese Daten ist es uns in der Regel nicht m\u00f6glich, einen Vertrag mit Ihnen (bzw. der von Ihnen vertretenen juristischen Person oder Person) abzuschlie\u00dfen oder durchzuf\u00fchren. Au\u00dferdem kann die Website nicht genutzt werden, wenn bestimmte verkehrssichernde Informationen (z. B. IP-Adresse) nicht offengelegt werden.<\/p><p><strong>Wenn wir diese Erkl\u00e4rung \u00e4ndern<\/strong><\/p><p>Wir k\u00f6nnen diese Datenschutzrichtlinie jederzeit und ohne vorherige Ank\u00fcndigung \u00e4ndern. Es gilt die jeweils aktuelle, auf unserer Website ver\u00f6ffentlichte Fassung. Soweit die Datenschutzerkl\u00e4rung Bestandteil einer Vereinbarung mit Ihnen ist, werden wir Sie im Falle einer Aktualisierung \u00fcber die \u00c4nderung per E-Mail oder auf andere geeignete Weise informieren.<\/p>\t\t\t\t\t\t<\/div>\n\t\t\t\t<\/div>\n\t\t\t\t\t<\/div>\n\t\t<\/div>\n\t\t\t\t\t<\/div>\n\t\t<\/section>\n\t\t\t\t<\/div>","protected":false},"excerpt":{"rendered":"<p>Datenschutzerkl\u00e4rung Datenschutzerkl\u00e4rung Stand: 20. Februar 2024 In dieser Datenschutzerkl\u00e4rung erl\u00e4utern wir, die Shuttler GmbH (Shuttler, wir oder uns), wie wir personenbezogene Daten erheben und sonst verarbeiten. Dies ist keine abschliessende Beschreibung; spezifische Sachverhalte k\u00f6nnen auch in anderen Datenschutzerkl\u00e4rungen oder Allgemeinen Gesch\u00e4ftsbedingungen, Teilnahmebedingungen und \u00e4hnlichen Dokumenten geregelt sein. [\u2026]<\/p>","protected":false},"author":1,"featured_media":0,"parent":0,"menu_order":0,"comment_status":"closed","ping_status":"closed","template":"elementor_header_footer","meta":{"_mi_skip_tracking":false,"_monsterinsights_sitenote_active":false,"_monsterinsights_sitenote_note":"","_monsterinsights_sitenote_category":0,"footnotes":""},"class_list":["post-2646","page","type-page","status-publish","hentry"],"_links":{"self":[{"href":"https:\/\/shuttler.ch\/de\/wp-json\/wp\/v2\/pages\/2646","targetHints":{"allow":["GET"]}}],"collection":[{"href":"https:\/\/shuttler.ch\/de\/wp-json\/wp\/v2\/pages"}],"about":[{"href":"https:\/\/shuttler.ch\/de\/wp-json\/wp\/v2\/types\/page"}],"author":[{"embeddable":true,"href":"https:\/\/shuttler.ch\/de\/wp-json\/wp\/v2\/users\/1"}],"replies":[{"embeddable":true,"href":"https:\/\/shuttler.ch\/de\/wp-json\/wp\/v2\/comments?post=2646"}],"version-history":[{"count":79,"href":"https:\/\/shuttler.ch\/de\/wp-json\/wp\/v2\/pages\/2646\/revisions"}],"predecessor-version":[{"id":3220,"href":"https:\/\/shuttler.ch\/de\/wp-json\/wp\/v2\/pages\/2646\/revisions\/3220"}],"wp:attachment":[{"href":"https:\/\/shuttler.ch\/de\/wp-json\/wp\/v2\/media?parent=2646"}],"curies":[{"name":"wp","href":"https:\/\/api.w.org\/{rel}","templated":true}]}}