{"id":255,"date":"2022-03-07T22:30:46","date_gmt":"2022-03-07T21:30:46","guid":{"rendered":"https:\/\/newpage2.shuttler.ch\/?page_id=255"},"modified":"2023-08-14T16:56:33","modified_gmt":"2023-08-14T14:56:33","slug":"gtc","status":"publish","type":"page","link":"https:\/\/shuttler.ch\/de\/gtc\/","title":{"rendered":"Gesch\u00e4ftsbedingungen"},"content":{"rendered":"<div data-elementor-type=\"wp-page\" data-elementor-id=\"255\" class=\"elementor elementor-255\">\n\t\t\t\t\t\t<section class=\"elementor-section elementor-top-section elementor-element elementor-element-e41af6e elementor-section-height-min-height elementor-section-boxed elementor-section-height-default elementor-section-items-middle\" data-id=\"e41af6e\" data-element_type=\"section\" data-settings=\"{&quot;background_background&quot;:&quot;classic&quot;}\">\n\t\t\t\t\t\t<div class=\"elementor-container elementor-column-gap-default\">\n\t\t\t\t\t<div class=\"elementor-column elementor-col-100 elementor-top-column elementor-element elementor-element-5b5f58a\" data-id=\"5b5f58a\" data-element_type=\"column\">\n\t\t\t<div class=\"elementor-widget-wrap elementor-element-populated\">\n\t\t\t\t\t\t<div class=\"elementor-element elementor-element-bcc2e7a elementor-widget elementor-widget-heading\" data-id=\"bcc2e7a\" data-element_type=\"widget\" data-widget_type=\"heading.default\">\n\t\t\t\t<div class=\"elementor-widget-container\">\n\t\t\t<style>\/*! elementor - v3.20.0 - 26-03-2024 *\/\n.elementor-heading-title{padding:0;margin:0;line-height:1}.elementor-widget-heading .elementor-heading-title[class*=elementor-size-]>a{color:inherit;font-size:inherit;line-height:inherit}.elementor-widget-heading .elementor-heading-title.elementor-size-small{font-size:15px}.elementor-widget-heading .elementor-heading-title.elementor-size-medium{font-size:19px}.elementor-widget-heading .elementor-heading-title.elementor-size-large{font-size:29px}.elementor-widget-heading .elementor-heading-title.elementor-size-xl{font-size:39px}.elementor-widget-heading .elementor-heading-title.elementor-size-xxl{font-size:59px}<\/style><h2 class=\"elementor-heading-title elementor-size-default\">Gesch\u00e4ftsbedingungen<\/h2>\t\t<\/div>\n\t\t\t\t<\/div>\n\t\t\t\t\t<\/div>\n\t\t<\/div>\n\t\t\t\t\t<\/div>\n\t\t<\/section>\n\t\t\t\t<section class=\"elementor-section elementor-top-section elementor-element elementor-element-74b93d8 elementor-section-boxed elementor-section-height-default elementor-section-height-default\" data-id=\"74b93d8\" data-element_type=\"section\" data-settings=\"{&quot;background_background&quot;:&quot;classic&quot;}\">\n\t\t\t\t\t\t<div class=\"elementor-container elementor-column-gap-default\">\n\t\t\t\t\t<div class=\"elementor-column elementor-col-100 elementor-top-column elementor-element elementor-element-820a31d\" data-id=\"820a31d\" data-element_type=\"column\">\n\t\t\t<div class=\"elementor-widget-wrap elementor-element-populated\">\n\t\t\t\t\t\t<div class=\"elementor-element elementor-element-cde1862 elementor-widget elementor-widget-heading\" data-id=\"cde1862\" data-element_type=\"widget\" data-widget_type=\"heading.default\">\n\t\t\t\t<div class=\"elementor-widget-container\">\n\t\t\t<h2 class=\"elementor-heading-title elementor-size-default\">I Allgemeine Gesch\u00e4ftsbedingungen der Shuttler LLC<\/h2>\t\t<\/div>\n\t\t\t\t<\/div>\n\t\t\t\t<div class=\"elementor-element elementor-element-f4eec3f elementor-widget elementor-widget-text-editor\" data-id=\"f4eec3f\" data-element_type=\"widget\" data-widget_type=\"text-editor.default\">\n\t\t\t\t<div class=\"elementor-widget-container\">\n\t\t\t<style>\/*! elementor - v3.20.0 - 26-03-2024 *\/\n.elementor-widget-text-editor.elementor-drop-cap-view-stacked .elementor-drop-cap{background-color:#69727d;color:#fff}.elementor-widget-text-editor.elementor-drop-cap-view-framed .elementor-drop-cap{color:#69727d;border:3px solid;background-color:transparent}.elementor-widget-text-editor:not(.elementor-drop-cap-view-default) .elementor-drop-cap{margin-top:8px}.elementor-widget-text-editor:not(.elementor-drop-cap-view-default) .elementor-drop-cap-letter{width:1em;height:1em}.elementor-widget-text-editor .elementor-drop-cap{float:left;text-align:center;line-height:1;font-size:50px}.elementor-widget-text-editor .elementor-drop-cap-letter{display:inline-block}<\/style>\t\t\t\t<p>Stand: 10. Juli 2023<\/p><p>Nachfolgend die rechtlich bindende Version, die englische Version dient nur zu Informationszwecken.<\/p><h4>1 Anwendungsbereich<\/h4><p>Die Allgemeinen Gesch\u00e4ftsbedingungen gelten f\u00fcr die Nutzung des pers\u00f6nlichen, elektronischen oder telefonischen Weges <em>Vermittlungsdienste<\/em> Angebot von Shuttler, mit dem Bef\u00f6rderungsleistungen zwischen dem Fahrgast und dem Bef\u00f6rderer vermittelt werden.<br \/>Der Kunde schlie\u00dft mit dem Bef\u00f6rderer einen Bef\u00f6rderungsvertrag zum Zweck der Bef\u00f6rderung ab. <span style=\"text-decoration: underline;\">F\u00fcr die Personenbef\u00f6rderung gelten gesonderte Gesch\u00e4ftsbedingungen (<em>Allgemeine Bef\u00f6rderungsbedingungen<\/em>), die vom jeweiligen Vertragstr\u00e4ger abh\u00e4ngen.<\/span> Die Bef\u00f6rderungsbedingungen des Spediteurs sind auf der Shuttler-Website abrufbar.<\/p><h4>2 Vertragspartner<\/h4><p>Vertragspartner f\u00fcr die Vermittlung von Reisen ist die Shuttler GmbH mit Sitz in Z\u00fcrich (Hardturmstrasse 161).<br \/>In Angelegenheiten des Bef\u00f6rderers (einschliesslich Umbuchungen, Stornierungen, Zusatzleistungen) kann Shuttler den Bef\u00f6rderer gem\u00e4\u00df dessen Bef\u00f6rderungsbedingungen vertreten.<\/p><h4>3 Zahlung<\/h4><p>Die \u00fcber den Shuttler buchbaren Leistungen m\u00fcssen mit den g\u00e4ngigen Kreditkarten bezahlt werden.<br \/>Shuttler kann andere Zahlungsmittel vorsehen.<br \/>F\u00fcr Zahlungsarten, die einen zus\u00e4tzlichen Verwaltungsaufwand darstellen, kann Shuttler eine Geb\u00fchr erheben.<br \/>Shuttler kann allgemeine oder personalisierte Gutscheine f\u00fcr die Bezahlung von Dienstleistungen auf dem Shuttler anbieten.<br \/>Shuttler bietet m\u00f6glicherweise spezielle Rabattcodes oder andere Vorteile an.<br \/>Der Handel mit Gutscheinen oder Rabattcodes ist untersagt.<\/p><h4>4 Ausschluss<\/h4><p>Shuttler kann einzelne Kunden f\u00fcr bis zu sechs Monate von der Nutzung der Vermittlungsdienstleistungen \u00fcber Shuttler ausschliessen, wenn sie gegen folgende Regeln verstossen:<br \/>A. Kriminelles Verhalten (einschliesslich K\u00f6rperverletzung und Bel\u00e4stigung) gegen\u00fcber Mitarbeitern oder Eigentum des Bef\u00f6rderers, Mitarbeitern von Shuttler oder anderen Passagieren.<br \/>B. Fahren ohne g\u00fcltiges Ticket<br \/>C. Handel mit Gutscheinen oder Tickets<br \/>D. Missbrauch des Shuttler-Datenverarbeitungssystems.<br \/>In Bagatellf\u00e4llen erteilt Shuttler eine einmalige Mahnung mit einer G\u00fcltigkeitsdauer von sechs Monaten.<\/p><h4>5 Stornierung und Umbuchung<\/h4><p>Die \u00fcber Shuttler gebuchten Leistungen des Bef\u00f6rderers k\u00f6nnen \u00fcber Shuttler wieder storniert werden.<br \/>Es gelten die Bef\u00f6rderungsbedingungen des Bef\u00f6rderers.<\/p><p>Shuttler garantiert unabh\u00e4ngig von den Bef\u00f6rderungsbedingungen des Transportunternehmens die folgenden Mindestbedingungen.<\/p><ul><li>Stornierungen durch den Kunden sind bis 6 Stunden vor Abfahrt m\u00f6glich. Die R\u00fcckerstattung erfolgt gegen einen Gutschein. Es kann eine Geb\u00fchr von 10,- erhoben werden.<\/li><li>Im Falle einer Stornierung durch den Bef\u00f6rderer hat der Passagier Anspruch auf eine vollst\u00e4ndige R\u00fcckerstattung des Ticketpreises. Erfolgt die Stornierung durch den Bef\u00f6rderer sp\u00e4ter als 14 Tage vor Abfahrt, hat der Passagier Anspruch auf eine zus\u00e4tzliche Entsch\u00e4digung in H\u00f6he von 50% des Ticketpreises.\u00a0<\/li><li>Es gilt nicht als Stornierung, wenn ein alternatives Transportmittel angeboten wird. Mit der Buchung \u00fcber Shuttler erkl\u00e4rt sich der Kunde damit einverstanden, dass Shuttler ihn jederzeit ohne seine Zustimmung auf einen anderen Bef\u00f6rderer umbuchen darf, sofern die wesentliche Vertragsleistung (Bef\u00f6rderung) aufrechterhalten bleibt. In diesem Fall gelten die Bef\u00f6rderungsbedingungen des neuen Bef\u00f6rderers. In diesem Fall steht dem Kunden das Recht zu, vom Bef\u00f6rderungsvertrag zur\u00fcckzutreten. Ein Anspruch auf Schadensersatz ist ausgeschlossen.<\/li><\/ul><h4>6 Gep\u00e4ck<\/h4><p>Shuttler garantiert unabh\u00e4ngig von den Bef\u00f6rderungsbedingungen des Transportunternehmens die folgenden Mindestbedingungen.<\/p><ul><li>Ein Handgep\u00e4ckst\u00fcck mit einer maximalen Gr\u00f6sse von 42*30*18 cm und einem maximalen Gewicht von 7 kg.<\/li><li>Ein aufgegebenes Gep\u00e4ckst\u00fcck mit einer maximalen Gr\u00f6sse von 50*30*80 cm und einem maximalen Gewicht von 20 kg.<\/li><\/ul><p>F\u00fcr alle weiteren Zusatzleistungen wie Extragep\u00e4ck, Ski- oder Fahrradtransport gelten die Bef\u00f6rderungsbedingungen des jeweiligen Bef\u00f6rderers. Es wird empfohlen, sich vorher an den jeweiligen Bef\u00f6rderer zu wenden.\u00a0<\/p><h4>7 Passagiere<\/h4><p>Shuttler gew\u00e4hrleistet unabh\u00e4ngig von den Bef\u00f6rderungsbedingungen des Bef\u00f6rderers f\u00fcr die Personenbef\u00f6rderung folgende Mindestbedingungen:<\/p><ul><li>Passagiere mit einer Fahrkarte haben Anspruch auf die Bef\u00f6rderung entsprechend ihrer Fahrkarte oder innerhalb von 2 Stunden nach der Abfahrt. Wenn der Bef\u00f6rderer die Bef\u00f6rderung stornieren muss, haben die Fahrg\u00e4ste Anspruch auf eine vollst\u00e4ndige R\u00fcckerstattung des Ticketpreises.<\/li><li>Passagiere unter drei Jahren ohne eigenen Kindersitz und andere Passagierkategorien, die aus technischen Gr\u00fcnden nicht bef\u00f6rdert werden k\u00f6nnen, k\u00f6nnen von der Bef\u00f6rderung ausgeschlossen werden. Ist es in einem solchen Fall unvermeidlich, dass der Bef\u00f6rderer ein Ticket storniert, haben die Passagiere Anspruch auf eine vollst\u00e4ndige R\u00fcckerstattung des Ticketpreises und Unterst\u00fctzung bei der Suche nach anderen Reisem\u00f6glichkeiten.\u00a0<\/li><\/ul><h4>8 Haftung<\/h4><p>F\u00fcr Fehler im Vermittlungs- und Buchungsprozess haftet Shuttler grunds\u00e4tzlich nur bei Vorsatz oder grober Fahrl\u00e4ssigkeit. <br \/>Eine weitergehende Haftung von Shuttler f\u00fcr Sach- oder Personensch\u00e4den ist ausgeschlossen.<\/p><h4>9 Salvatorische Klausel<\/h4><p>Es gilt Schweizer Recht. Gerichtsstand f\u00fcr Streitigkeiten aus dem Vertragsverh\u00e4ltnis zwischen dem Kunden und Shuttler ist Z\u00fcrich (CH). Sollten einzelne Bestimmungen der schweizerischen Rechtsordnung zum Zeitpunkt des Vertragsschlusses diesen AGB widersprechen, so ber\u00fchrt dies die G\u00fcltigkeit der \u00fcbrigen AGB nicht.<\/p>\t\t\t\t\t\t<\/div>\n\t\t\t\t<\/div>\n\t\t\t\t<div class=\"elementor-element elementor-element-644ac08 elementor-widget elementor-widget-heading\" data-id=\"644ac08\" data-element_type=\"widget\" data-widget_type=\"heading.default\">\n\t\t\t\t<div class=\"elementor-widget-container\">\n\t\t\t<h2 class=\"elementor-heading-title elementor-size-default\">II. Bef\u00f6rderungsbedingungen der Bef\u00f6rderer<\/h2>\t\t<\/div>\n\t\t\t\t<\/div>\n\t\t\t\t<div class=\"elementor-element elementor-element-249a1b3 premium-table-dir-ltr elementor-widget elementor-widget-premium-tables-addon\" data-id=\"249a1b3\" data-element_type=\"widget\" data-widget_type=\"premium-tables-addon.default\">\n\t\t\t\t<div class=\"elementor-widget-container\">\n\t\t\t\n\t\t<div class=\"premium-table-wrap\">\n\t\t\t\n\t\t\t<table class=\"premium-table\" data-settings=\"{&quot;sort&quot;:false,&quot;sortMob&quot;:false,&quot;search&quot;:false,&quot;records&quot;:false,&quot;dataType&quot;:&quot;custom&quot;,&quot;csvFile&quot;:null,&quot;firstRow&quot;:null,&quot;separator&quot;:null,&quot;pagination&quot;:&quot;&quot;,&quot;rows&quot;:0}\" >\n\n\t\t\t\n\t\t<thead class=\"premium-table-head\">\n\n\t\t\t<tr class=\"premium-table-row\">\n\n\t\t\t\t<th class=\"premium-table-cell elementor-repeater-item-a7ff8c3\"><span class=\"premium-table-text\">Partner<\/span><\/th><th class=\"premium-table-cell elementor-repeater-item-3289236\"><span class=\"premium-table-text\">Kontakt<\/span><\/th><th class=\"premium-table-cell elementor-repeater-item-7c5b81d\"><span class=\"premium-table-text\">Gesch\u00e4ftsbedingungen<\/span><\/th>\n\t\t\t<\/tr>\n\n\t\t<\/thead>\n\n\t\t\t\t<tbody class=\"premium-table-body\">\n\t\t\t\t\t\t<tr class=\"premium-table-row elementor-repeater-item-ab3155c\"><td class=\"premium-table-cell elementor-repeater-item-96d4c08\"><span class=\"premium-table-text\">Caplazi Transport<\/span><\/span><\/td><td class=\"premium-table-cell elementor-repeater-item-87f2db7\"><span class=\"premium-table-text\">Riehenstrasse 151, 4058 Basel<\/span><\/span><\/td><td class=\"premium-table-cell elementor-repeater-item-4715b6a\"><a href=\"https:\/\/shuttler.ch\/wp-content\/uploads\/2023\/06\/Allgemeine-Beforderungsbedingungen.pdf\" class=\"premium-table-text\">Bef\u00f6rderungsbedingungen Standardversion<\/span><\/a><\/td>\t\t\t<\/tr>\n\t\t<\/tbody>\n\n\t\t\n\t\t\t<\/table>\n\t\t<\/div>\n\t\t\t\t<\/div>\n\t\t\t\t<\/div>\n\t\t\t\t\t<\/div>\n\t\t<\/div>\n\t\t\t\t\t<\/div>\n\t\t<\/section>\n\t\t\t\t<\/div>","protected":false},"excerpt":{"rendered":"<p>Allgemeine Gesch\u00e4ftsbedingungen I Allgemeine Gesch\u00e4ftsbedingungen der Shuttler LLC Stand: 10. Juli 2023 Diese englische Version dient ausschlie\u00dflich Informationszwecken, rechtlich bindend ist die deutsche Version des Dokuments. 1 Geltungsbereich Die Allgemeinen Gesch\u00e4ftsbedingungen gelten f\u00fcr die Nutzung der angebotenen pers\u00f6nlichen, elektronischen oder telefonischen Vermittlungsdienste [\u2026]<\/p>","protected":false},"author":1,"featured_media":0,"parent":0,"menu_order":0,"comment_status":"closed","ping_status":"closed","template":"elementor_header_footer","meta":{"_mi_skip_tracking":false,"_monsterinsights_sitenote_active":false,"_monsterinsights_sitenote_note":"","_monsterinsights_sitenote_category":0,"footnotes":""},"class_list":["post-255","page","type-page","status-publish","hentry"],"_links":{"self":[{"href":"https:\/\/shuttler.ch\/de\/wp-json\/wp\/v2\/pages\/255","targetHints":{"allow":["GET"]}}],"collection":[{"href":"https:\/\/shuttler.ch\/de\/wp-json\/wp\/v2\/pages"}],"about":[{"href":"https:\/\/shuttler.ch\/de\/wp-json\/wp\/v2\/types\/page"}],"author":[{"embeddable":true,"href":"https:\/\/shuttler.ch\/de\/wp-json\/wp\/v2\/users\/1"}],"replies":[{"embeddable":true,"href":"https:\/\/shuttler.ch\/de\/wp-json\/wp\/v2\/comments?post=255"}],"version-history":[{"count":149,"href":"https:\/\/shuttler.ch\/de\/wp-json\/wp\/v2\/pages\/255\/revisions"}],"predecessor-version":[{"id":2635,"href":"https:\/\/shuttler.ch\/de\/wp-json\/wp\/v2\/pages\/255\/revisions\/2635"}],"wp:attachment":[{"href":"https:\/\/shuttler.ch\/de\/wp-json\/wp\/v2\/media?parent=255"}],"curies":[{"name":"wp","href":"https:\/\/api.w.org\/{rel}","templated":true}]}}